{"id":1645,"date":"2024-02-23T14:19:43","date_gmt":"2024-02-23T13:19:43","guid":{"rendered":"https:\/\/www.heraklion-projekt.de\/?page_id=1645"},"modified":"2025-06-02T11:52:51","modified_gmt":"2025-06-02T09:52:51","slug":"bmbf-forum-workshop","status":"publish","type":"page","link":"https:\/\/www.heraklion-projekt.de\/?page_id=1645","title":{"rendered":"BMBF-Innovationsforum: Workshop"},"content":{"rendered":"\t\t<div data-elementor-type=\"wp-page\" data-elementor-id=\"1645\" class=\"elementor elementor-1645\" data-elementor-post-type=\"page\">\n\t\t\t\t\t\t<section class=\"elementor-section elementor-top-section elementor-element elementor-element-5974a2c elementor-section-boxed elementor-section-height-default elementor-section-height-default\" data-id=\"5974a2c\" data-element_type=\"section\" data-e-type=\"section\">\n\t\t\t\t\t\t<div class=\"elementor-container elementor-column-gap-default\">\n\t\t\t\t\t<div class=\"elementor-column elementor-col-100 elementor-top-column elementor-element elementor-element-4216c55\" data-id=\"4216c55\" data-element_type=\"column\" data-e-type=\"column\">\n\t\t\t<div class=\"elementor-widget-wrap elementor-element-populated\">\n\t\t\t\t\t\t<div class=\"elementor-element elementor-element-fe913d7 elementor-widget elementor-widget-spacer\" data-id=\"fe913d7\" data-element_type=\"widget\" data-e-type=\"widget\" data-widget_type=\"spacer.default\">\n\t\t\t\t<div class=\"elementor-widget-container\">\n\t\t\t\t\t\t\t<div class=\"elementor-spacer\">\n\t\t\t<div class=\"elementor-spacer-inner\"><\/div>\n\t\t<\/div>\n\t\t\t\t\t\t<\/div>\n\t\t\t\t<\/div>\n\t\t\t\t<div class=\"elementor-element elementor-element-9e0f231 elementor-widget elementor-widget-heading\" data-id=\"9e0f231\" data-element_type=\"widget\" data-e-type=\"widget\" data-widget_type=\"heading.default\">\n\t\t\t\t<div class=\"elementor-widget-container\">\n\t\t\t\t\t<h3 class=\"elementor-heading-title elementor-size-default\">Kommunale Krisenfestigkeit und Resilienz mit SIFO-Projekten:<br>Veranstaltung f\u00fcr kommunale Entscheider, BOS und weitere Anwender am 6. Mai 2024 ab 13:00 in Berlin<\/h3>\t\t\t\t<\/div>\n\t\t\t\t<\/div>\n\t\t\t\t<div class=\"elementor-element elementor-element-1f9b452 elementor-widget elementor-widget-text-editor\" data-id=\"1f9b452\" data-element_type=\"widget\" data-e-type=\"widget\" data-widget_type=\"text-editor.default\">\n\t\t\t\t<div class=\"elementor-widget-container\">\n\t\t\t\t\t\t\t\t\t<p>Krisen und Katastrophen wie beispielsweise Extremwetterereignisse stellen Kommunen vor neue Herausforderungen. Das <a href=\"https:\/\/www.bmbf.de\" target=\"_blank\" rel=\"noopener\">BMBF<\/a>-Rahmenprogramm \u00bb<a href=\"https:\/\/www.sifo.de\/sifo\/de\/programm\/programm_node.html\" target=\"_blank\" rel=\"noopener\">Forschung f\u00fcr die zivile Sicherheit<\/a>\u00ab f\u00f6rdert verschiedene Projekte, die Kommunen in Krisensituationen unterst\u00fctzen sollen eine Lage\u00fcbersicht schaffen oder Handlungsempfehlungen bereitstellen, sodass die Resilienz gegen\u00fcber disruptiven Ereignissen gesteigert wird.<\/p><p>Um die Projekte mit den potentiellen Anwenderinnen und Anwender zu evaluieren und gemeinsam zu diskutieren, findet am 6. Mai ein interaktiver Workshop im <a href=\"https:\/\/www.forum.fraunhofer.de\/\">Fraunhofer-Forum in Berlin<\/a> dazu statt. \u00a0Unter dem Motto \u00bbKommunale Krisenfestigkeit und Resilienz mit SIFO-Projekten\u00ab laden wir Sie als kommunale Entscheidungstr\u00e4ger und Katastrophensch\u00fctzer, aber auch weitere Interessierte, herzlich ein teilzunehmen. Veranstaltet wird sie vom Team des Projekts \u00bbHeuristische Resilienzanalysen f\u00fcr Kommunen mittels Datenraumfunktionalit\u00e4ten (<a href=\"https:\/\/www.heraklion-projekt.de\/\" target=\"_blank\" rel=\"noopener\">HERAKLION<\/a>)\u00ab des Fraunhofer-Instituts f\u00fcr Kurzzeitdynamik, Ernst-Mach-Institut (<a href=\"https:\/\/www.emi.fraunhofer.de\/\" target=\"_blank\" rel=\"noopener\">EMI<\/a>), aus Freiburg.<\/p><p>Die Veranstaltung dient der Vernetzung und dem Wissenstransfer von Forschungsprojekten im Bereich der zivilen Sicherheitsforschung vor dem Hintergrund von Krisen und Katastrophen wie beispielsweise zunehmenden Extremwetterereignissen und den daraus resultierenden Herausforderungen f\u00fcr Kommunen. Neben dem Projekt <a href=\"https:\/\/www.heraklion-projekt.de\/\">HERAKLION<\/a> werden auch eine Reihe weiterer Projekte aus der zivilen Sicherheitsforschung vorgestellt, darunter <a href=\"https:\/\/akrima.dfki.de\/\" target=\"_blank\" rel=\"noopener\">AKRIMA<\/a> inkl. <a href=\"https:\/\/ascore.kl.dfki.de\/\" target=\"_blank\" rel=\"noopener\">AScore<\/a>, <a href=\"https:\/\/www.sifo.de\/sifo\/de\/projekte\/schutz-und-rettung-von-menschen\/howas-governance-undkommunikation\/hochwasser_node.html\" target=\"_blank\" rel=\"noopener\">HoWas21<\/a> inkl. <a href=\"https:\/\/hochwasser-kahr.de\/index.php\/de\/\" target=\"_blank\" rel=\"noopener\">KAHR<\/a>, <a href=\"https:\/\/www.kathelfer-pro.de\/\" target=\"_blank\" rel=\"noopener\">KatHelfer PRO<\/a>, <a href=\"https:\/\/kiwasus.de\/\" target=\"_blank\" rel=\"noopener\">KIWaSuS<\/a>, <a href=\"https:\/\/mirkkomm.de\/\" target=\"_blank\" rel=\"noopener\">MIRKKOMM<\/a>, <a href=\"https:\/\/www.panreflex.de\/\" target=\"_blank\" rel=\"noopener\">PanReflex<\/a>,\u00a0<a href=\"https:\/\/www.psychokat.sicherheit-forschung.de\/index.html\" target=\"_blank\" rel=\"noopener\">PsychoKat<\/a> und <a href=\"https:\/\/www.th-wildau.de\/forschung-transfer\/forschung\/sichere-objektidentitaet\/projekte\/respan\/\" target=\"_blank\" rel=\"noopener\">RESPAN<\/a>. Dabei ist das \u00fcbergeordnete Ziel die Vorstellung der L\u00f6sungsans\u00e4tze und der M\u00f6glichkeiten zur Unterst\u00fctzung von kommunalen Entscheidern, BOS und weiteren Anwendern sowie die Vernetzung der verschiedenen Ans\u00e4tze.<\/p><p>In den folgenden drei Themenbl\u00f6cken wird gemeinsam mit den kommunalen Anwenderinnen und Anwendern zu Inhalten, L\u00f6sungen Schnittmengen zu den anderen Projekten aus der zivilen Sicherheitsforschung diskutiert werden:<\/p><ul><li>Gef\u00e4hrdung und Konsequenz<\/li><li>Gesellschaftliche Verwundbarkeit<\/li><li>Datenverf\u00fcgbarkeit, -vernetzung und -transfer<\/li><\/ul><p>Es wird angestrebt, ein m\u00f6glichst breit gef\u00e4chertes Feedback aus kommunaler Sicht zu gewinnen und gemeinsam mit den Kommunen die Grundlage f\u00fcr einen bedarfsgerechten Transfer in die praktische Anwendung zu erarbeiten.<\/p><p>Wir freuen uns \u00fcber eine breite Teilnahme von Anwenderinnen und Anwendern, die sich an der Diskussion beteiligen, Anforderungen und W\u00fcnsche einbringen und so dazu beitragen, einen nachhaltigen Mehrwert f\u00fcr Kommunen zu schaffen.<\/p><p>Das genaue Programm k\u00f6nnen Sie hier einsehen: <a href=\"https:\/\/www.heraklion-projekt.de\/wp-content\/uploads\/2024\/04\/Programm_Workshop_SIFO-Projekte.pdf\" target=\"_blank\" rel=\"noopener\">Programm<\/a><\/p><p>Weitere Informationen zu den genannten Projekten finden Sie auf <a href=\"https:\/\/www.sifo.de\/sifo\/de\/foerderung\/sifolife\/der-wettbewerb-sifolife\/der-wettbewerb-sifolife_node.html\">sifo.de<\/a>.<br \/>Bei R\u00fcckfragen wenden Sie sich gerne an uns: <a href=\"mailto:info@heraklion-projekt.de\">info@heraklion-projekt.de<\/a><\/p>\t\t\t\t\t\t\t\t<\/div>\n\t\t\t\t<\/div>\n\t\t\t\t\t<\/div>\n\t\t<\/div>\n\t\t\t\t\t<\/div>\n\t\t<\/section>\n\t\t\t\t<section class=\"elementor-section elementor-top-section elementor-element elementor-element-f8266bf elementor-section-boxed elementor-section-height-default elementor-section-height-default\" data-id=\"f8266bf\" data-element_type=\"section\" data-e-type=\"section\">\n\t\t\t\t\t\t<div class=\"elementor-container elementor-column-gap-default\">\n\t\t\t\t\t<div class=\"elementor-column elementor-col-100 elementor-top-column elementor-element elementor-element-296beb1\" data-id=\"296beb1\" data-element_type=\"column\" data-e-type=\"column\">\n\t\t\t<div class=\"elementor-widget-wrap elementor-element-populated\">\n\t\t\t\t\t\t<div class=\"elementor-element elementor-element-26ebc9e elementor-widget-divider--view-line elementor-widget elementor-widget-divider\" data-id=\"26ebc9e\" data-element_type=\"widget\" data-e-type=\"widget\" data-widget_type=\"divider.default\">\n\t\t\t\t<div class=\"elementor-widget-container\">\n\t\t\t\t\t\t\t<div class=\"elementor-divider\">\n\t\t\t<span class=\"elementor-divider-separator\">\n\t\t\t\t\t\t<\/span>\n\t\t<\/div>\n\t\t\t\t\t\t<\/div>\n\t\t\t\t<\/div>\n\t\t\t\t\t<\/div>\n\t\t<\/div>\n\t\t\t\t\t<\/div>\n\t\t<\/section>\n\t\t\t\t<section class=\"elementor-section elementor-top-section elementor-element elementor-element-f31ed52 elementor-section-boxed elementor-section-height-default elementor-section-height-default\" data-id=\"f31ed52\" data-element_type=\"section\" data-e-type=\"section\">\n\t\t\t\t\t\t<div class=\"elementor-container elementor-column-gap-default\">\n\t\t\t\t\t<div class=\"elementor-column elementor-col-100 elementor-top-column elementor-element elementor-element-5532f7c\" data-id=\"5532f7c\" data-element_type=\"column\" data-e-type=\"column\">\n\t\t\t<div class=\"elementor-widget-wrap elementor-element-populated\">\n\t\t\t\t\t\t<div class=\"elementor-element elementor-element-ccb342d elementor-widget elementor-widget-image\" data-id=\"ccb342d\" data-element_type=\"widget\" data-e-type=\"widget\" data-widget_type=\"image.default\">\n\t\t\t\t<div class=\"elementor-widget-container\">\n\t\t\t\t\t\t\t\t\t\t\t\t\t\t\t\t<a href=\"https:\/\/www.bmbf.de\/\" target=\"_blank\">\n\t\t\t\t\t\t\t<img decoding=\"async\" src=\"https:\/\/www.heraklion-projekt.de\/wp-content\/uploads\/elementor\/thumbs\/logo-BMFTR_de-r6plhole7mz3lmiy2i0lor65f7v0grkh7h1hvnirr4.jpg\" title=\"logo-BMFTR_de\" alt=\"logo-BMFTR_de\" loading=\"lazy\" \/>\t\t\t\t\t\t\t\t<\/a>\n\t\t\t\t\t\t\t\t\t\t\t\t\t\t\t<\/div>\n\t\t\t\t<\/div>\n\t\t\t\t<div class=\"elementor-element elementor-element-6a3ac3e elementor-widget elementor-widget-image\" data-id=\"6a3ac3e\" data-element_type=\"widget\" data-e-type=\"widget\" data-widget_type=\"image.default\">\n\t\t\t\t<div class=\"elementor-widget-container\">\n\t\t\t\t\t\t\t\t\t\t\t\t\t\t\t\t<a href=\"https:\/\/www.sifo.de\/\" target=\"_blank\">\n\t\t\t\t\t\t\t<img decoding=\"async\" src=\"https:\/\/www.heraklion-projekt.de\/wp-content\/uploads\/elementor\/thumbs\/logo-SIFO_ohne-www-r6pl4lo93n1pfezetg6bebf7b6cnor2f1721t6fklc.jpg\" title=\"SIFO_ohne-www_BLAU_cmyk\" alt=\"SIFO_ohne-www_BLAU_cmyk\" loading=\"lazy\" \/>\t\t\t\t\t\t\t\t<\/a>\n\t\t\t\t\t\t\t\t\t\t\t\t\t\t\t<\/div>\n\t\t\t\t<\/div>\n\t\t\t\t\t<\/div>\n\t\t<\/div>\n\t\t\t\t\t<\/div>\n\t\t<\/section>\n\t\t\t\t<\/div>\n\t\t","protected":false},"excerpt":{"rendered":"<p>Kommunale Krisenfestigkeit und Resilienz mit SIFO-Projekten:Veranstaltung f\u00fcr kommunale Entscheider, BOS und weitere Anwender am 6. Mai 2024 ab 13:00 in Berlin Krisen und Katastrophen wie beispielsweise Extremwetterereignisse stellen Kommunen vor neue Herausforderungen. Das BMBF-Rahmenprogramm \u00bbForschung f\u00fcr die zivile Sicherheit\u00ab f\u00f6rdert&#8230;<\/p>\n","protected":false},"author":8,"featured_media":0,"parent":0,"menu_order":0,"comment_status":"closed","ping_status":"closed","template":"page-fullwidth.php","meta":{"footnotes":""},"class_list":["post-1645","page","type-page","status-publish","hentry"],"_links":{"self":[{"href":"https:\/\/www.heraklion-projekt.de\/index.php?rest_route=\/wp\/v2\/pages\/1645","targetHints":{"allow":["GET"]}}],"collection":[{"href":"https:\/\/www.heraklion-projekt.de\/index.php?rest_route=\/wp\/v2\/pages"}],"about":[{"href":"https:\/\/www.heraklion-projekt.de\/index.php?rest_route=\/wp\/v2\/types\/page"}],"author":[{"embeddable":true,"href":"https:\/\/www.heraklion-projekt.de\/index.php?rest_route=\/wp\/v2\/users\/8"}],"replies":[{"embeddable":true,"href":"https:\/\/www.heraklion-projekt.de\/index.php?rest_route=%2Fwp%2Fv2%2Fcomments&post=1645"}],"version-history":[{"count":65,"href":"https:\/\/www.heraklion-projekt.de\/index.php?rest_route=\/wp\/v2\/pages\/1645\/revisions"}],"predecessor-version":[{"id":2303,"href":"https:\/\/www.heraklion-projekt.de\/index.php?rest_route=\/wp\/v2\/pages\/1645\/revisions\/2303"}],"wp:attachment":[{"href":"https:\/\/www.heraklion-projekt.de\/index.php?rest_route=%2Fwp%2Fv2%2Fmedia&parent=1645"}],"curies":[{"name":"wp","href":"https:\/\/api.w.org\/{rel}","templated":true}]}}