{"id":29,"date":"2023-08-18T10:44:02","date_gmt":"2023-08-18T08:44:02","guid":{"rendered":"https:\/\/websites.fraunhofer.de\/projekt-heraklion\/?page_id=29"},"modified":"2026-03-16T10:05:03","modified_gmt":"2026-03-16T09:05:03","slug":"index","status":"publish","type":"page","link":"https:\/\/www.heraklion-projekt.de\/","title":{"rendered":"Das Projekt HERAKLION wurde erfolgreich im Februar 2026 beendet."},"content":{"rendered":"\t\t<div data-elementor-type=\"wp-page\" data-elementor-id=\"29\" class=\"elementor elementor-29\" data-elementor-post-type=\"page\">\n\t\t\t\t\t\t<section class=\"elementor-section elementor-top-section elementor-element elementor-element-2fa090a elementor-section-boxed elementor-section-height-default elementor-section-height-default\" data-id=\"2fa090a\" data-element_type=\"section\" data-e-type=\"section\">\n\t\t\t\t\t\t<div class=\"elementor-container elementor-column-gap-default\">\n\t\t\t\t\t<div class=\"elementor-column elementor-col-100 elementor-top-column elementor-element elementor-element-abcc79d\" data-id=\"abcc79d\" data-element_type=\"column\" data-e-type=\"column\">\n\t\t\t<div class=\"elementor-widget-wrap elementor-element-populated\">\n\t\t\t\t\t\t<div class=\"elementor-element elementor-element-3759fa9 elementor-widget elementor-widget-spacer\" data-id=\"3759fa9\" data-element_type=\"widget\" data-e-type=\"widget\" data-widget_type=\"spacer.default\">\n\t\t\t\t<div class=\"elementor-widget-container\">\n\t\t\t\t\t\t\t<div class=\"elementor-spacer\">\n\t\t\t<div class=\"elementor-spacer-inner\"><\/div>\n\t\t<\/div>\n\t\t\t\t\t\t<\/div>\n\t\t\t\t<\/div>\n\t\t\t\t<div class=\"elementor-element elementor-element-a00dad4 elementor-widget elementor-widget-heading\" data-id=\"a00dad4\" data-element_type=\"widget\" data-e-type=\"widget\" data-widget_type=\"heading.default\">\n\t\t\t\t<div class=\"elementor-widget-container\">\n\t\t\t\t\t<h3 class=\"elementor-heading-title elementor-size-default\">Die Erkenntnisse flie\u00dfen mit in das BMFTR-Leuchtturmprojekt RegioGuard-PRO ein.<\/h3>\t\t\t\t<\/div>\n\t\t\t\t<\/div>\n\t\t\t\t<div class=\"elementor-element elementor-element-3892977 elementor-flip-box--effect-flip elementor-flip-box--direction-up elementor-widget elementor-widget-flip-box\" data-id=\"3892977\" data-element_type=\"widget\" data-e-type=\"widget\" data-widget_type=\"flip-box.default\">\n\t\t\t\t<div class=\"elementor-widget-container\">\n\t\t\t\t\t\t\t<div class=\"elementor-flip-box\" tabindex=\"0\">\n\t\t\t<div class=\"elementor-flip-box__layer elementor-flip-box__front\">\n\t\t\t\t<div class=\"elementor-flip-box__layer__overlay\">\n\t\t\t\t\t<div class=\"elementor-flip-box__layer__inner\">\n\t\t\t\t\t\t\t\t\t\t\t\t\t<div class=\"elementor-icon-wrapper elementor-view-default\">\n\t\t\t\t\t\t\t\t<div class=\"elementor-icon\">\n\t\t\t\t\t\t\t\t\t\t\t\t\t\t\t\t\t<\/div>\n\t\t\t\t\t\t\t<\/div>\n\t\t\t\t\t\t\n\t\t\t\t\t\t\t\t\t\t\t\t\t<h3 class=\"elementor-flip-box__layer__title\">\n\t\t\t\t\t\t\t\tHERAKLION Portal\t\t\t\t\t\t\t<\/h3>\n\t\t\t\t\t\t\n\t\t\t\t\t\t\t\t\t\t\t\t\t<div class=\"elementor-flip-box__layer__description\">\n\t\t\t\t\t\t\t\tHier erhalten Sie Zugang zum HERAKLION Demonstrator.\t\t\t\t\t\t\t<\/div>\n\t\t\t\t\t\t\t\t\t\t\t<\/div>\n\t\t\t\t<\/div>\n\t\t\t<\/div>\n\t\t\t<div class=\"elementor-flip-box__layer elementor-flip-box__back\">\n\t\t\t<div class=\"elementor-flip-box__layer__overlay\">\n\t\t\t\t<div class=\"elementor-flip-box__layer__inner\">\n\t\t\t\t\t\t\t\t\t\t\t<h3 class=\"elementor-flip-box__layer__title\">\n\t\t\t\t\t\t\tHERAKLION Portal\t\t\t\t\t\t<\/h3>\n\t\t\t\t\t\n\t\t\t\t\t\t\t\t\t\t\t<div class=\"elementor-flip-box__layer__description\">\n\t\t\t\t\t\t\tHier erhalten Sie Zugang zum HERAKLION Demonstrator.\t\t\t\t\t\t<\/div>\n\t\t\t\t\t\n\t\t\t\t\t\t\t\t\t\t\t<a class=\"elementor-flip-box__button elementor-button elementor-size-sm\" href=\"https:\/\/heraklion.emi.fraunhofer.de\/#\/\" target=\"_blank\">\n\t\t\t\t\t\t\tRegistrieren\t\t\t\t\t\t<\/a>\n\t\t\t\t\t\t\t\t<\/div>\n\t\t<\/div>\n\t\t<\/div>\n\t\t<\/div>\n\t\t\t\t\t\t<\/div>\n\t\t\t\t<\/div>\n\t\t\t\t<div class=\"elementor-element elementor-element-801d9aa elementor-widget elementor-widget-spacer\" data-id=\"801d9aa\" data-element_type=\"widget\" data-e-type=\"widget\" data-widget_type=\"spacer.default\">\n\t\t\t\t<div class=\"elementor-widget-container\">\n\t\t\t\t\t\t\t<div class=\"elementor-spacer\">\n\t\t\t<div class=\"elementor-spacer-inner\"><\/div>\n\t\t<\/div>\n\t\t\t\t\t\t<\/div>\n\t\t\t\t<\/div>\n\t\t\t\t<div class=\"elementor-element elementor-element-3b33904 elementor-widget elementor-widget-heading\" data-id=\"3b33904\" data-element_type=\"widget\" data-e-type=\"widget\" data-widget_type=\"heading.default\">\n\t\t\t\t<div class=\"elementor-widget-container\">\n\t\t\t\t\t<h3 class=\"elementor-heading-title elementor-size-default\"><a href=\"https:\/\/www.heraklion-projekt.de\/?page_id=25\"><u>R\u00fcckblick auf unseren Transferworkshop: Gemeinsam f\u00fcr resiliente Kommunen<\/u><\/a><\/h3>\t\t\t\t<\/div>\n\t\t\t\t<\/div>\n\t\t\t\t<div class=\"elementor-element elementor-element-653f645 elementor-widget elementor-widget-text-editor\" data-id=\"653f645\" data-element_type=\"widget\" data-e-type=\"widget\" data-widget_type=\"text-editor.default\">\n\t\t\t\t<div class=\"elementor-widget-container\">\n\t\t\t\t\t\t\t\t\t<p><span class=\"TrackChangeTextInsertion TrackedChange SCXW179490328 BCX8\"><span class=\"TextRun SCXW179490328 BCX8\" lang=\"DE-DE\" xml:lang=\"DE-DE\" data-contrast=\"auto\"><span class=\"NormalTextRun SCXW179490328 BCX8\">Wir freuen uns \u00fcber Ihren <a href=\"https:\/\/www.heraklion-projekt.de\/?page_id=27\">Kontakt<\/a>, s<\/span><\/span><\/span><span class=\"TrackChangeTextInsertion TrackedChange SCXW179490328 BCX8\"><span class=\"TextRun SCXW179490328 BCX8\" lang=\"DE-DE\" xml:lang=\"DE-DE\" data-contrast=\"auto\"><span class=\"NormalTextRun SCXW179490328 BCX8\">ollten Sie auch Interesse an der Durchf\u00fchrung von Anwendungsf\u00e4llen <\/span><\/span><\/span><span class=\"TrackChangeTextInsertion TrackedChange SCXW179490328 BCX8\"><span class=\"TextRun SCXW179490328 BCX8\" lang=\"DE-DE\" xml:lang=\"DE-DE\" data-contrast=\"auto\"><span class=\"NormalTextRun SCXW179490328 BCX8\">haben <\/span><\/span><\/span><span class=\"TrackChangeTextInsertion TrackedChange SCXW179490328 BCX8\"><span class=\"TextRun SCXW179490328 BCX8\" lang=\"DE-DE\" xml:lang=\"DE-DE\" data-contrast=\"auto\"><span class=\"NormalTextRun SCXW179490328 BCX8\">oder <\/span><\/span><\/span><span class=\"TrackChangeTextInsertion TrackedChange SCXW179490328 BCX8\"><span class=\"TextRun SCXW179490328 BCX8\" lang=\"DE-DE\" xml:lang=\"DE-DE\" data-contrast=\"auto\"><span class=\"NormalTextRun SCXW179490328 BCX8\">wenn <\/span><\/span><\/span><span class=\"TrackChangeTextInsertion TrackedChange SCXW179490328 BCX8\"><span class=\"TextRun SCXW179490328 BCX8\" lang=\"DE-DE\" xml:lang=\"DE-DE\" data-contrast=\"auto\"><span class=\"NormalTextRun SCXW179490328 BCX8\">Sie <\/span><\/span><\/span><span class=\"TrackChangeTextInsertion TrackedChange SCXW179490328 BCX8\"><span class=\"TextRun SCXW179490328 BCX8\" lang=\"DE-DE\" xml:lang=\"DE-DE\" data-contrast=\"auto\"><span class=\"NormalTextRun SCXW179490328 BCX8\">einen direkten Einblick in die Funktionsweise des <\/span><\/span><\/span><span class=\"TrackChangeTextInsertion TrackedChange SCXW179490328 BCX8\"><span class=\"TextRun SCXW179490328 BCX8\" lang=\"DE-DE\" xml:lang=\"DE-DE\" data-contrast=\"auto\"><span class=\"NormalTextRun SCXW179490328 BCX8\">Res<\/span><\/span><\/span><span class=\"TrackChangeTextInsertion TrackedChange SCXW179490328 BCX8\"><span class=\"TextRun SCXW179490328 BCX8\" lang=\"DE-DE\" xml:lang=\"DE-DE\" data-contrast=\"auto\"><span class=\"NormalTextRun SCXW179490328 BCX8\">ilienz-Datenraums erhalten m\u00f6chten.<\/span><\/span><\/span><\/p>\t\t\t\t\t\t\t\t<\/div>\n\t\t\t\t<\/div>\n\t\t\t\t\t<\/div>\n\t\t<\/div>\n\t\t\t\t\t<\/div>\n\t\t<\/section>\n\t\t\t\t<section class=\"elementor-section elementor-top-section elementor-element elementor-element-636fc98 elementor-section-boxed elementor-section-height-default elementor-section-height-default\" data-id=\"636fc98\" data-element_type=\"section\" data-e-type=\"section\">\n\t\t\t\t\t\t<div class=\"elementor-container elementor-column-gap-default\">\n\t\t\t\t\t<div class=\"elementor-column elementor-col-100 elementor-top-column elementor-element elementor-element-0ff3d78\" data-id=\"0ff3d78\" data-element_type=\"column\" data-e-type=\"column\">\n\t\t\t<div class=\"elementor-widget-wrap elementor-element-populated\">\n\t\t\t\t\t\t<div class=\"elementor-element elementor-element-2ba9632 elementor-widget elementor-widget-video\" data-id=\"2ba9632\" data-element_type=\"widget\" data-e-type=\"widget\" data-settings=\"{&quot;video_type&quot;:&quot;hosted&quot;,&quot;controls&quot;:&quot;yes&quot;}\" data-widget_type=\"video.default\">\n\t\t\t\t<div class=\"elementor-widget-container\">\n\t\t\t\t\t\t\t<div class=\"e-hosted-video elementor-wrapper elementor-open-inline\">\n\t\t\t\t\t<video class=\"elementor-video\" src=\"https:\/\/www.heraklion-projekt.de\/wp-content\/uploads\/2024\/03\/Film_de_sub_720.mp4\" controls=\"\" preload=\"metadata\" controlsList=\"nodownload\" poster=\"https:\/\/www.heraklion-projekt.de\/wp-content\/uploads\/2024\/03\/Film_preview_720.jpg\"><\/video>\n\t\t\t\t<\/div>\n\t\t\t\t\t\t<\/div>\n\t\t\t\t<\/div>\n\t\t\t\t<div class=\"elementor-element elementor-element-85fe3eb elementor-widget elementor-widget-spacer\" data-id=\"85fe3eb\" data-element_type=\"widget\" data-e-type=\"widget\" data-widget_type=\"spacer.default\">\n\t\t\t\t<div class=\"elementor-widget-container\">\n\t\t\t\t\t\t\t<div class=\"elementor-spacer\">\n\t\t\t<div class=\"elementor-spacer-inner\"><\/div>\n\t\t<\/div>\n\t\t\t\t\t\t<\/div>\n\t\t\t\t<\/div>\n\t\t\t\t<div class=\"elementor-element elementor-element-f171894 elementor-widget elementor-widget-heading\" data-id=\"f171894\" data-element_type=\"widget\" data-e-type=\"widget\" data-widget_type=\"heading.default\">\n\t\t\t\t<div class=\"elementor-widget-container\">\n\t\t\t\t\t<h3 class=\"elementor-heading-title elementor-size-default\">Motivation<\/h3>\t\t\t\t<\/div>\n\t\t\t\t<\/div>\n\t\t\t\t<div class=\"elementor-element elementor-element-c225846 elementor-widget elementor-widget-text-editor\" data-id=\"c225846\" data-element_type=\"widget\" data-e-type=\"widget\" data-widget_type=\"text-editor.default\">\n\t\t\t\t<div class=\"elementor-widget-container\">\n\t\t\t\t\t\t\t\t\t<p>In Katastrophen wird die Verwundbarkeit unserer hochvernetzten und komplexen Strukturen in Gesellschaft und Wirtschaft besonders deutlich, so etwa von 2020 bis 2022 im Laufe der COVID-19-Pandemie oder im Juli 2021 bei der Hochwasserkatastrophe in West- und Mitteleuropa. Immer wichtiger wird in diesem Zusammenhang auch die Frage, wie sich Kommunen m\u00f6glichst gut gegen derartige Krisen wappnen k\u00f6nnen.<\/p><p>Genau hier setzt das vom Bundesministerium f\u00fcr Bildung und Forschung (<a href=\"http:\/\/www.bmftr.bund.de\" target=\"_blank\" rel=\"noopener\">BMFTR<\/a>) gef\u00f6rderte Projekt HERAKLION an: Wir wollen datengetrieben ermitteln, was eine gute Krisenvorbereitung und \u2011bew\u00e4ltigung ausmacht. Denn aufgrund von kaskadierenden Effekten k\u00f6nnen auch scheinbar unabh\u00e4ngige Prozesse einander beeinflussen; daher m\u00fcssen f\u00fcr eine belastbare Resilienzanalyse so viele Einflussfaktoren wie m\u00f6glich ber\u00fccksichtigt werden.<\/p>\t\t\t\t\t\t\t\t<\/div>\n\t\t\t\t<\/div>\n\t\t\t\t<div class=\"elementor-element elementor-element-2bc7519 elementor-widget elementor-widget-heading\" data-id=\"2bc7519\" data-element_type=\"widget\" data-e-type=\"widget\" data-widget_type=\"heading.default\">\n\t\t\t\t<div class=\"elementor-widget-container\">\n\t\t\t\t\t<h3 class=\"elementor-heading-title elementor-size-default\">Zielsetzung<\/h3>\t\t\t\t<\/div>\n\t\t\t\t<\/div>\n\t\t\t\t<div class=\"elementor-element elementor-element-48e570d elementor-widget elementor-widget-text-editor\" data-id=\"48e570d\" data-element_type=\"widget\" data-e-type=\"widget\" data-widget_type=\"text-editor.default\">\n\t\t\t\t<div class=\"elementor-widget-container\">\n\t\t\t\t\t\t\t\t\t<p>Deswegen wollen wir einen skalierbaren Resilienz-Datenraum schaffen, der m\u00f6glichst viele, von Fachleuten f\u00fcr wichtig befundene Aspekte der betrachteten Krisensituationen &#8212; Pandemie und Extremwetter &#8212; abdeckt.<\/p><p>Die Daten dieses Datenraums wollen wir einerseits Kommunen und Einsatzkr\u00e4ften zur Verf\u00fcgung stellen, damit diese im Ernstfall eine bestm\u00f6gliche Entscheidungsgrundlage zur Hand haben.<br \/>Andererseits wollen wir die Daten selbst analysieren, um besser zu verstehen, was genau Resilienz ausmacht &#8212; und damit Krisen fr\u00fcher zu erkennen und schneller zu bew\u00e4ltigen.<\/p><p><a href=\"https:\/\/www.heraklion-projekt.de\/?page_id=1151\">Mehr<\/a><\/p>\t\t\t\t\t\t\t\t<\/div>\n\t\t\t\t<\/div>\n\t\t\t\t\t<\/div>\n\t\t<\/div>\n\t\t\t\t\t<\/div>\n\t\t<\/section>\n\t\t\t\t<section class=\"elementor-section elementor-top-section elementor-element elementor-element-788b399 elementor-section-boxed elementor-section-height-default elementor-section-height-default\" data-id=\"788b399\" data-element_type=\"section\" data-e-type=\"section\">\n\t\t\t\t\t\t<div class=\"elementor-container elementor-column-gap-default\">\n\t\t\t\t\t<div class=\"elementor-column elementor-col-100 elementor-top-column elementor-element elementor-element-3254c18\" data-id=\"3254c18\" data-element_type=\"column\" data-e-type=\"column\">\n\t\t\t<div class=\"elementor-widget-wrap elementor-element-populated\">\n\t\t\t\t\t\t<div class=\"elementor-element elementor-element-64bd740 elementor-widget-divider--view-line elementor-widget elementor-widget-divider\" data-id=\"64bd740\" data-element_type=\"widget\" data-e-type=\"widget\" data-widget_type=\"divider.default\">\n\t\t\t\t<div class=\"elementor-widget-container\">\n\t\t\t\t\t\t\t<div class=\"elementor-divider\">\n\t\t\t<span class=\"elementor-divider-separator\">\n\t\t\t\t\t\t<\/span>\n\t\t<\/div>\n\t\t\t\t\t\t<\/div>\n\t\t\t\t<\/div>\n\t\t\t\t\t<\/div>\n\t\t<\/div>\n\t\t\t\t\t<\/div>\n\t\t<\/section>\n\t\t\t\t<section class=\"elementor-section elementor-top-section elementor-element elementor-element-e2ab44a elementor-section-boxed elementor-section-height-default elementor-section-height-default\" data-id=\"e2ab44a\" data-element_type=\"section\" data-e-type=\"section\">\n\t\t\t\t\t\t<div class=\"elementor-container elementor-column-gap-default\">\n\t\t\t\t\t<div class=\"elementor-column elementor-col-100 elementor-top-column elementor-element elementor-element-7959283\" data-id=\"7959283\" data-element_type=\"column\" data-e-type=\"column\">\n\t\t\t<div class=\"elementor-widget-wrap elementor-element-populated\">\n\t\t\t\t\t\t<div class=\"elementor-element elementor-element-ac94006 elementor-widget elementor-widget-image\" data-id=\"ac94006\" data-element_type=\"widget\" data-e-type=\"widget\" data-widget_type=\"image.default\">\n\t\t\t\t<div class=\"elementor-widget-container\">\n\t\t\t\t\t\t\t\t\t\t\t\t\t\t\t\t<a href=\"https:\/\/www.bmbf.de\/\" target=\"_blank\">\n\t\t\t\t\t\t\t<img decoding=\"async\" src=\"https:\/\/www.heraklion-projekt.de\/wp-content\/uploads\/elementor\/thumbs\/logo-BMFTR_de-r6plhole7mz3lmiy2i0lor65f7v0grkh7h1hvnirr4.jpg\" title=\"logo-BMFTR_de\" alt=\"logo-BMFTR_de\" loading=\"lazy\" \/>\t\t\t\t\t\t\t\t<\/a>\n\t\t\t\t\t\t\t\t\t\t\t\t\t\t\t<\/div>\n\t\t\t\t<\/div>\n\t\t\t\t<div class=\"elementor-element elementor-element-bd167f4 elementor-widget elementor-widget-image\" data-id=\"bd167f4\" data-element_type=\"widget\" data-e-type=\"widget\" data-widget_type=\"image.default\">\n\t\t\t\t<div class=\"elementor-widget-container\">\n\t\t\t\t\t\t\t\t\t\t\t\t\t\t\t\t<a href=\"https:\/\/www.sifo.de\/\" target=\"_blank\">\n\t\t\t\t\t\t\t<img decoding=\"async\" src=\"https:\/\/www.heraklion-projekt.de\/wp-content\/uploads\/elementor\/thumbs\/logo-SIFO_ohne-www-r6pl4lo93n1pfezetg6bebf7b6cnor2f1721t6fklc.jpg\" title=\"SIFO_ohne-www_BLAU_cmyk\" alt=\"SIFO_ohne-www_BLAU_cmyk\" loading=\"lazy\" \/>\t\t\t\t\t\t\t\t<\/a>\n\t\t\t\t\t\t\t\t\t\t\t\t\t\t\t<\/div>\n\t\t\t\t<\/div>\n\t\t\t\t\t<\/div>\n\t\t<\/div>\n\t\t\t\t\t<\/div>\n\t\t<\/section>\n\t\t\t\t<\/div>\n\t\t","protected":false},"excerpt":{"rendered":"<p>Die Erkenntnisse flie\u00dfen mit in das BMFTR-Leuchtturmprojekt RegioGuard-PRO ein. HERAKLION Portal Hier erhalten Sie Zugang zum HERAKLION Demonstrator. HERAKLION Portal Hier erhalten Sie Zugang zum HERAKLION Demonstrator. Registrieren R\u00fcckblick auf unseren Transferworkshop: Gemeinsam f\u00fcr resiliente Kommunen Wir freuen uns \u00fcber&#8230;<\/p>\n","protected":false},"author":2,"featured_media":0,"parent":0,"menu_order":0,"comment_status":"closed","ping_status":"closed","template":"page-fullwidth.php","meta":{"footnotes":""},"class_list":["post-29","page","type-page","status-publish","hentry"],"_links":{"self":[{"href":"https:\/\/www.heraklion-projekt.de\/index.php?rest_route=\/wp\/v2\/pages\/29","targetHints":{"allow":["GET"]}}],"collection":[{"href":"https:\/\/www.heraklion-projekt.de\/index.php?rest_route=\/wp\/v2\/pages"}],"about":[{"href":"https:\/\/www.heraklion-projekt.de\/index.php?rest_route=\/wp\/v2\/types\/page"}],"author":[{"embeddable":true,"href":"https:\/\/www.heraklion-projekt.de\/index.php?rest_route=\/wp\/v2\/users\/2"}],"replies":[{"embeddable":true,"href":"https:\/\/www.heraklion-projekt.de\/index.php?rest_route=%2Fwp%2Fv2%2Fcomments&post=29"}],"version-history":[{"count":310,"href":"https:\/\/www.heraklion-projekt.de\/index.php?rest_route=\/wp\/v2\/pages\/29\/revisions"}],"predecessor-version":[{"id":2501,"href":"https:\/\/www.heraklion-projekt.de\/index.php?rest_route=\/wp\/v2\/pages\/29\/revisions\/2501"}],"wp:attachment":[{"href":"https:\/\/www.heraklion-projekt.de\/index.php?rest_route=%2Fwp%2Fv2%2Fmedia&parent=29"}],"curies":[{"name":"wp","href":"https:\/\/api.w.org\/{rel}","templated":true}]}}